{"id":26,"date":"2013-03-23T13:06:18","date_gmt":"2013-03-23T13:06:18","guid":{"rendered":"http:\/\/themenectar.com\/demo\/salient\/?page_id=26"},"modified":"2023-03-03T09:05:02","modified_gmt":"2023-03-03T09:05:02","slug":"yhteystiedot","status":"publish","type":"page","link":"https:\/\/korafix.fi\/?page_id=26","title":{"rendered":"Korafix Oy &#8211; Yhteystiedot &#8211; Ilmanvaihdon asennus- ja huoltoty\u00f6t"},"content":{"rendered":"<p>[vc_row type=&#8221;full_width_background&#8221; bg_position=&#8221;left top&#8221; bg_repeat=&#8221;no-repeat&#8221; text_color=&#8221;dark&#8221; text_align=&#8221;left&#8221;][vc_column][vc_column_text][nectar_slider flexible_slider_height=&#8221;true&#8221; full_width=&#8221;true&#8221; arrow_navigation=&#8221;true&#8221; loop=&#8221;true&#8221; location=&#8221;Home&#8221; bullet_navigation_style=&#8221;see_through&#8221; slider_transition=&#8221;fade&#8221; slider_button_styling=&#8221;btn_with_count&#8221; button_sizing=&#8221;regular&#8221; slider_height=&#8221;550&#8243; autorotate=&#8221;5000&#8243;][\/vc_column_text][\/vc_column][vc_column css_animation=&#8221;bounceInRight&#8221; css=&#8221;.vc_custom_1613982940985{border-radius: 30px !important;}&#8221;][vc_row_inner][vc_column_inner][\/vc_column_inner][\/vc_row_inner][vc_column_text]<\/p>\n<p>&nbsp;<\/p>\n<p>&nbsp;<\/p>\n<p>[\/vc_column_text][\/vc_column][\/vc_row][vc_row][vc_column width=&#8221;1\/4&#8243;][vc_icon type=&#8221;entypo&#8221; icon_entypo=&#8221;entypo-icon entypo-icon-suitcase&#8221; color=&#8221;custom&#8221; size=&#8221;xl&#8221; align=&#8221;center&#8221; custom_color=&#8221;#70b4d1&#8243;][vc_empty_space height=&#8221;20&#8243;][vc_custom_heading text=&#8221;Tarjouspyynn\u00f6t \/ Urakointi&#8221; font_container=&#8221;tag:h3|text_align:center&#8221; google_fonts=&#8221;font_family:Kantumruy%3A300%2Cregular%2C700|font_style:700%20bold%20regular%3A700%3Anormal&#8221; css_animation=&#8221;flipInX&#8221; css=&#8221;.vc_custom_1613999076538{padding-bottom: 30px !important;}&#8221;][vc_column_text css_animation=&#8221;fadeInDownBig&#8221;]<\/p>\n<p style=\"text-align: center;\">Sulo Uzunkodalak<\/p>\n<p style=\"text-align: center;\"><span style=\"font-weight: 400;\">(+358) 040 723 6694<\/span><\/p>\n<p style=\"text-align: center;\">sulo<span style=\"font-weight: 400;\">@korafix.fi<\/span><\/p>\n<p>[\/vc_column_text][\/vc_column][vc_column width=&#8221;1\/4&#8243;][vc_icon type=&#8221;entypo&#8221; icon_entypo=&#8221;entypo-icon entypo-icon-tools&#8221; color=&#8221;custom&#8221; size=&#8221;xl&#8221; align=&#8221;center&#8221; custom_color=&#8221;#70b4d1&#8243;][vc_empty_space height=&#8221;20&#8243;][vc_custom_heading text=&#8221;Tarjouspyynn\u00f6t \/ Urakointi&#8221; font_container=&#8221;tag:h3|text_align:center&#8221; google_fonts=&#8221;font_family:Kantumruy%3A300%2Cregular%2C700|font_style:700%20bold%20regular%3A700%3Anormal&#8221; css_animation=&#8221;flipInX&#8221; css=&#8221;.vc_custom_1613999087019{padding-bottom: 30px !important;}&#8221;][vc_column_text css_animation=&#8221;fadeInDownBig&#8221;]<\/p>\n<p style=\"text-align: center;\"><span style=\"font-weight: 400;\">Deniz Uzunkodalak <\/span><\/p>\n<p style=\"text-align: center;\"><span style=\"font-weight: 400;\">(+358) 0400 599994<\/span><\/p>\n<p style=\"text-align: center;\"><span style=\"font-weight: 400;\">deniz@korafix.fi<\/span><\/p>\n<p>[\/vc_column_text][\/vc_column][vc_column width=&#8221;1\/4&#8243;][vc_icon type=&#8221;entypo&#8221; icon_entypo=&#8221;entypo-icon entypo-icon-archive&#8221; color=&#8221;custom&#8221; size=&#8221;xl&#8221; align=&#8221;center&#8221; custom_color=&#8221;#70b4d1&#8243;][vc_empty_space height=&#8221;20&#8243;][vc_custom_heading text=&#8221;Taloushallinto&#8221; font_container=&#8221;tag:h3|text_align:center&#8221; google_fonts=&#8221;font_family:Kantumruy%3A300%2Cregular%2C700|font_style:700%20bold%20regular%3A700%3Anormal&#8221; css_animation=&#8221;flipInX&#8221; css=&#8221;.vc_custom_1613999102445{padding-bottom: 30px !important;}&#8221;][vc_column_text css_animation=&#8221;fadeInDownBig&#8221;]<\/p>\n<p style=\"text-align: center;\"><span style=\"font-weight: 400;\"> Laura Toivanen<\/span><\/p>\n<p style=\"text-align: center;\"><span style=\"font-weight: 400;\">(+358) 0400 599992<\/span><\/p>\n<p style=\"text-align: center;\"><span style=\"font-weight: 400;\">\u00a0laura@korafix.fi<\/span><\/p>\n<p style=\"text-align: center;\"><a href=\"https:\/\/korafix.fi\/?page_id=2974\"><strong>Laskutus<\/strong><\/a><\/p>\n<p>[\/vc_column_text][\/vc_column][vc_column width=&#8221;1\/4&#8243;][vc_icon type=&#8221;entypo&#8221; icon_entypo=&#8221;entypo-icon entypo-icon-cog&#8221; color=&#8221;custom&#8221; size=&#8221;xl&#8221; align=&#8221;center&#8221; custom_color=&#8221;#70b4d1&#8243;][vc_empty_space height=&#8221;20&#8243;][vc_custom_heading text=&#8221;Huolto- ja<br \/>\ns\u00e4\u00e4t\u00f6ty\u00f6t&#8221; font_container=&#8221;tag:h3|text_align:center|color:%23000000&#8243; google_fonts=&#8221;font_family:Kantumruy%3A300%2Cregular%2C700|font_style:700%20bold%20regular%3A700%3Anormal&#8221; css_animation=&#8221;flipInX&#8221; css=&#8221;.vc_custom_1613999121626{padding-bottom: 30px !important;}&#8221;][vc_column_text css_animation=&#8221;fadeInDownBig&#8221;]<\/p>\n<p style=\"text-align: center;\"><span style=\"font-weight: 400;\">Markus Sausvaara<\/span><\/p>\n<p style=\"text-align: center;\"><span style=\"font-weight: 400;\">(+358) 0407 254340\u00a0 <\/span><\/p>\n<p>[\/vc_column_text][\/vc_column][\/vc_row][vc_row type=&#8221;full_width_background&#8221; bg_position=&#8221;left top&#8221; bg_repeat=&#8221;no-repeat&#8221; text_color=&#8221;dark&#8221; text_align=&#8221;left&#8221; top_padding=&#8221;70&#8243; bottom_padding=&#8221;60&#8243;][vc_column width=&#8221;1\/4&#8243; css=&#8221;.vc_custom_1561722363681{background-color: #70b4d1 !important;}&#8221;][vc_column_text][fancy-ul icon_type=&#8221;standard_dash&#8221; icon=&#8221;icon-star-empty&#8221; color=&#8221;Accent-Color&#8221; enable_animation=&#8221;true&#8221;]<\/p>\n<h2><span style=\"color: #ffffff;\">Korafix Oy<\/span><\/h2>\n<p><span style=\"color: #ffffff;\">Honkalankatu 3, 21280 RAISIO<\/span><\/p>\n<p>&nbsp;<\/p>\n<p>[\/fancy-ul][\/vc_column_text][vc_column_text][fancy-ul icon_type=&#8221;standard_dash&#8221; icon=&#8221;icon-star-empty&#8221; color=&#8221;Accent-Color&#8221; enable_animation=&#8221;true&#8221;]<\/p>\n<h2><span style=\"color: #ffffff;\">Tule meille t\u00f6ihin!<\/span><\/h2>\n<p><span style=\"color: #ffffff;\">Etsimme tiimiimme kokeneita asentajia ja huoltoty\u00f6ntekij\u00f6it\u00e4. My\u00f6s v\u00e4hemm\u00e4n kokeneet ovat tervetulleita, hyv\u00e4ss\u00e4 porukassa opit lis\u00e4\u00e4 kunhan asenne on kunnossa!<\/span><\/p>\n<p><span style=\"color: #ffffff;\">Ota yhteytt\u00e4 mik\u00e4li ty\u00f6t kiinnostavat: <strong>laura@korafix.fi<\/strong><\/span><\/p>\n<p>[\/fancy-ul]<\/p>\n<p>[\/vc_column_text][\/vc_column][vc_column width=&#8221;3\/4&#8243;][vc_gallery interval=&#8221;3&#8243; images=&#8221;3052,3051,3049,3048,3046,3047&#8243; img_size=&#8221;800&#215;500&#8243;][\/vc_column][\/vc_row]<\/p>\n","protected":false},"excerpt":{"rendered":"<p>[vc_row type=&#8221;full_width_background&#8221; bg_position=&#8221;left top&#8221; bg_repeat=&#8221;no-repeat&#8221; text_color=&#8221;dark&#8221; text_align=&#8221;left&#8221;][vc_column][vc_column_text][nectar_slider flexible_slider_height=&#8221;true&#8221; full_width=&#8221;true&#8221; arrow_navigation=&#8221;true&#8221; loop=&#8221;true&#8221; location=&#8221;Home&#8221; bullet_navigation_style=&#8221;see_through&#8221; slider_transition=&#8221;fade&#8221; slider_button_styling=&#8221;btn_with_count&#8221; button_sizing=&#8221;regular&#8221; slider_height=&#8221;550&#8243; autorotate=&#8221;5000&#8243;][\/vc_column_text][\/vc_column][vc_column css_animation=&#8221;bounceInRight&#8221; css=&#8221;.vc_custom_1613982940985{border-radius: 30px !important;}&#8221;][vc_row_inner][vc_column_inner][\/vc_column_inner][\/vc_row_inner][vc_column_text] &nbsp; &nbsp; [\/vc_column_text][\/vc_column][\/vc_row][vc_row][vc_column width=&#8221;1\/4&#8243;][vc_icon type=&#8221;entypo&#8221; icon_entypo=&#8221;entypo-icon entypo-icon-suitcase&#8221; color=&#8221;custom&#8221; size=&#8221;xl&#8221; align=&#8221;center&#8221; custom_color=&#8221;#70b4d1&#8243;][vc_empty_space height=&#8221;20&#8243;][vc_custom_heading text=&#8221;Tarjouspyynn\u00f6t \/ Urakointi&#8221; font_container=&#8221;tag:h3|text_align:center&#8221; google_fonts=&#8221;font_family:Kantumruy%3A300%2Cregular%2C700|font_style:700%20bold%20regular%3A700%3Anormal&#8221; css_animation=&#8221;flipInX&#8221; css=&#8221;.vc_custom_1613999076538{padding-bottom: 30px !important;}&#8221;][vc_column_text css_animation=&#8221;fadeInDownBig&#8221;] Sulo Uzunkodalak (+358) 040 723 6694 sulo@korafix.fi [\/vc_column_text][\/vc_column][vc_column width=&#8221;1\/4&#8243;][vc_icon type=&#8221;entypo&#8221; icon_entypo=&#8221;entypo-icon [&hellip;]<\/p>\n","protected":false},"author":1,"featured_media":0,"parent":0,"menu_order":40,"comment_status":"open","ping_status":"closed","template":"","meta":{"footnotes":""},"class_list":["post-26","page","type-page","status-publish","hentry"],"_links":{"self":[{"href":"https:\/\/korafix.fi\/index.php?rest_route=\/wp\/v2\/pages\/26","targetHints":{"allow":["GET"]}}],"collection":[{"href":"https:\/\/korafix.fi\/index.php?rest_route=\/wp\/v2\/pages"}],"about":[{"href":"https:\/\/korafix.fi\/index.php?rest_route=\/wp\/v2\/types\/page"}],"author":[{"embeddable":true,"href":"https:\/\/korafix.fi\/index.php?rest_route=\/wp\/v2\/users\/1"}],"replies":[{"embeddable":true,"href":"https:\/\/korafix.fi\/index.php?rest_route=%2Fwp%2Fv2%2Fcomments&post=26"}],"version-history":[{"count":94,"href":"https:\/\/korafix.fi\/index.php?rest_route=\/wp\/v2\/pages\/26\/revisions"}],"predecessor-version":[{"id":3139,"href":"https:\/\/korafix.fi\/index.php?rest_route=\/wp\/v2\/pages\/26\/revisions\/3139"}],"wp:attachment":[{"href":"https:\/\/korafix.fi\/index.php?rest_route=%2Fwp%2Fv2%2Fmedia&parent=26"}],"curies":[{"name":"wp","href":"https:\/\/api.w.org\/{rel}","templated":true}]}}