{"id":551,"date":"2013-06-26T22:56:49","date_gmt":"2013-06-26T22:56:49","guid":{"rendered":"http:\/\/localhost\/wordpress-3-5\/?page_id=551"},"modified":"2021-02-19T11:46:20","modified_gmt":"2021-02-19T11:46:20","slug":"etusivu","status":"publish","type":"page","link":"https:\/\/korafix.fi\/","title":{"rendered":"Korafix Oy &#8211; Ilmanvaihdon asennus- ja huoltoty\u00f6t"},"content":{"rendered":"<p>[vc_row type=&#8221;full_width_background&#8221; bg_position=&#8221;left top&#8221; bg_repeat=&#8221;no-repeat&#8221; text_color=&#8221;dark&#8221; text_align=&#8221;left&#8221; top_padding=&#8221;0&#8243; bottom_padding=&#8221;0&#8243; css=&#8221;.vc_custom_1562753444856{margin-bottom: 10px !important;}&#8221;][vc_column][vc_column_text][nectar_slider flexible_slider_height=&#8221;true&#8221; full_width=&#8221;true&#8221; arrow_navigation=&#8221;true&#8221; loop=&#8221;true&#8221; location=&#8221;Home&#8221; bullet_navigation_style=&#8221;see_through&#8221; slider_transition=&#8221;fade&#8221; slider_button_styling=&#8221;btn_with_count&#8221; button_sizing=&#8221;regular&#8221; slider_height=&#8221;550&#8243; autorotate=&#8221;5000&#8243;][\/vc_column_text][\/vc_column][\/vc_row][vc_row][vc_column offset=&#8221;vc_hidden-lg vc_hidden-md&#8221;][vc_empty_space height=&#8221;40&#8243;][\/vc_column][\/vc_row][vc_row type=&#8221;in_container&#8221; bg_position=&#8221;left top&#8221; bg_repeat=&#8221;no-repeat&#8221; text_color=&#8221;dark&#8221; text_align=&#8221;left&#8221; top_padding=&#8221;120&#8243; bottom_padding=&#8221;80&#8243; parallax_bg=&#8221;true&#8221; css=&#8221;.vc_custom_1561718071133{padding-bottom: 20px !important;}&#8221;][vc_column width=&#8221;1\/4&#8243; centered_text=&#8221;true&#8221; animation=&#8221;fade-in-from-bottom&#8221; enable_animation=&#8221;true&#8221; column_padding=&#8221;no-extra-padding&#8221; background_color_opacity=&#8221;1&#8243;][vc_row_inner][vc_column_inner enable_animation=&#8221;true&#8221; animation=&#8221;fade-in&#8221; delay=&#8221;400&#8243; column_padding=&#8221;no-extra-padding&#8221; css=&#8221;.vc_custom_1561660148821{padding-bottom: -20px !important;}&#8221;][vc_single_image image=&#8221;2793&#8243; alignment=&#8221;center&#8221;][vc_column_text]<\/p>\n<h4 style=\"text-align: center;\">Ammattimainen<\/h4>\n<p style=\"text-align: center;\"><span style=\"font-weight: 400;\">Vuodesta 2000 asti toiminut alan rautainen ammattilainen. Toimintamme on aina luotettavaa ja asiakasyst\u00e4v\u00e4llist\u00e4.<\/span><\/p>\n<p>[\/vc_column_text][\/vc_column_inner][\/vc_row_inner][\/vc_column][vc_column width=&#8221;1\/4&#8243;][vc_row_inner][vc_column_inner enable_animation=&#8221;true&#8221; animation=&#8221;fade-in&#8221; delay=&#8221;600&#8243; column_padding=&#8221;no-extra-padding&#8221;][vc_single_image image=&#8221;2791&#8243; alignment=&#8221;center&#8221;][vc_column_text][\/vc_column_text][vc_column_text]<\/p>\n<h4 style=\"text-align: center;\">T\u00e4ysi palvelu<\/h4>\n<p style=\"text-align: center;\"><span style=\"font-weight: 400;\">Meid\u00e4n kauttamme saa ilmanvaihdon osat ja laitteet asennuksineen sek\u00e4 huoltoineen.<\/span><\/p>\n<p>[\/vc_column_text][\/vc_column_inner][\/vc_row_inner][\/vc_column][vc_column width=&#8221;1\/4&#8243;][vc_row_inner][vc_column_inner enable_animation=&#8221;true&#8221; animation=&#8221;fade-in&#8221; delay=&#8221;800&#8243; column_padding=&#8221;no-extra-padding&#8221;][vc_single_image image=&#8221;2792&#8243; alignment=&#8221;center&#8221;][vc_column_text]<\/p>\n<h4 style=\"text-align: center;\">Urakointi<\/h4>\n<p style=\"text-align: center;\"><span style=\"font-weight: 400;\">Urakat hoituvat meilt\u00e4 alusta loppuun vankalla ammattitaidolla kokeneen ja tarkan tiimin toimesta.<\/span><\/p>\n<p>[\/vc_column_text][\/vc_column_inner][\/vc_row_inner][\/vc_column][vc_column width=&#8221;1\/4&#8243;][vc_row_inner][vc_column_inner enable_animation=&#8221;true&#8221; animation=&#8221;fade-in&#8221; delay=&#8221;1000&#8243; column_padding=&#8221;no-extra-padding&#8221;][vc_single_image image=&#8221;2790&#8243; alignment=&#8221;center&#8221;][vc_column_text]<\/p>\n<h4 style=\"text-align: center;\">Monipuolinen<\/h4>\n<p style=\"text-align: center;\"><span style=\"font-weight: 400;\">Meill\u00e4 on laaja-alainen asiakaskunta sek\u00e4 kattava ja monipuolinen liuta erilaisia kohteita.<\/span><\/p>\n<p>[\/vc_column_text][\/vc_column_inner][\/vc_row_inner][\/vc_column][\/vc_row][vc_row css=&#8221;.vc_custom_1561659438706{background-color: #70b4d1 !important;}&#8221;][vc_column][vc_column_text]<\/p>\n<h2 class=\"light\" style=\"text-align: center;\"><span style=\"color: #ffffff;\">Me hoidamme!<\/span>[button color=&#8221;See-Through&#8221; image=&#8221;default-arrow&#8221; size=&#8221;medium&#8221; url=&#8221;https:\/\/korafix.fi\/?page_id=26&#8243; text=&#8221;Ota yhteytt\u00e4&#8221;]<\/h2>\n<p>[\/vc_column_text][\/vc_column][vc_column width=&#8221;1\/3&#8243; animation=&#8221;none&#8221; column_padding=&#8221;no-extra-padding&#8221; background_color_opacity=&#8221;1&#8243; centered_text=&#8221;true&#8221;][vc_column_text][fancy-ul icon_type=&#8221;standard_dash&#8221; icon=&#8221;icon-glass&#8221; color=&#8221;Accent-Color&#8221; enable_animation=&#8221;true&#8221;]<\/p>\n<ul>\n<li><span style=\"font-weight: 400; color: #ffffff;\">Liiketilat\/keskukset<\/span><\/li>\n<li><span style=\"font-weight: 400; color: #ffffff;\">Hallit\/monitoimihallit<\/span><\/li>\n<li><span style=\"font-weight: 400; color: #ffffff;\">Julkiset kohteet<\/span><\/li>\n<li><span style=\"font-weight: 400; color: #ffffff;\">Kerrostalot<\/span><\/li>\n<li><span style=\"font-weight: 400; color: #ffffff;\">Palvelutalot (terveydenhuolto-ala)<\/span><\/li>\n<li><span style=\"font-weight: 400; color: #ffffff;\">Sairaalat<\/span><\/li>\n<li><span style=\"font-weight: 400; color: #ffffff;\">Kaupunkien kohteet (koulut, p\u00e4iv\u00e4kodit yms.)<\/span><\/li>\n<\/ul>\n<p>[\/fancy-ul][\/vc_column_text][\/vc_column][vc_column width=&#8221;1\/3&#8243; animation=&#8221;none&#8221; column_padding=&#8221;no-extra-padding&#8221; background_color_opacity=&#8221;1&#8243; centered_text=&#8221;true&#8221;][vc_column_text][fancy-ul icon_type=&#8221;standard_dash&#8221; icon=&#8221;icon-star-empty&#8221; color=&#8221;Accent-Color&#8221; enable_animation=&#8221;true&#8221;]<\/p>\n<ul>\n<li><span style=\"font-weight: 400; color: #ffffff;\">Teollisuusyritykset<\/span><\/li>\n<li><span style=\"font-weight: 400; color: #ffffff;\">Kauppakeskukset<\/span><\/li>\n<li><span style=\"font-weight: 400; color: #ffffff;\">Ravintolat<\/span><\/li>\n<li><span style=\"font-weight: 400; color: #ffffff;\">Kunnat<\/span><\/li>\n<li><span style=\"font-weight: 400; color: #ffffff;\">Terveyskeskukset<\/span><\/li>\n<li><span style=\"font-weight: 400; color: #ffffff;\">P\u00e4iv\u00e4kodit <\/span><\/li>\n<li><span style=\"font-weight: 400; color: #ffffff;\">Koulut<\/span><\/li>\n<\/ul>\n<p>[\/fancy-ul][\/vc_column_text][\/vc_column][vc_column width=&#8221;1\/3&#8243; animation=&#8221;none&#8221; column_padding=&#8221;no-extra-padding&#8221; background_color_opacity=&#8221;1&#8243; centered_text=&#8221;true&#8221;][vc_column_text][fancy-ul icon_type=&#8221;standard_dash&#8221; icon=&#8221;icon-glass&#8221; color=&#8221;Accent-Color&#8221; enable_animation=&#8221;true&#8221;]<\/p>\n<ul>\n<li><span style=\"color: #ffffff;\">Suunnitteluty\u00f6t<\/span><\/li>\n<li><span style=\"color: #ffffff;\">Asennusty\u00f6t<\/span><\/li>\n<li><span style=\"color: #ffffff;\">Huoltoty\u00f6t<\/span><\/li>\n<li><span style=\"color: #ffffff;\">Korjausty\u00f6t<\/span><\/li>\n<li><span style=\"color: #ffffff;\">S\u00e4\u00e4t\u00f6toimenpiteet<\/span><\/li>\n<li><span style=\"color: #ffffff;\">Jos n\u00e4ist\u00e4 ei l\u00f6ydy tarpeidesi mukaisia palveluja, ota yhteytt\u00e4! Olemme taitavia my\u00f6s soveltamaan kovaa osaamistamme!<\/span><\/li>\n<\/ul>\n<p>[\/fancy-ul][\/vc_column_text][\/vc_column][\/vc_row][vc_row type=&#8221;full_width_content&#8221; bg_position=&#8221;center center&#8221; bg_repeat=&#8221;repeat&#8221; text_color=&#8221;light&#8221; text_align=&#8221;center&#8221; bg_color=&#8221;#0e1015&#8243; top_padding=&#8221;60&#8243; bottom_padding=&#8221;60&#8243; css=&#8221;.vc_custom_1561662052701{padding-top: 70px !important;padding-bottom: 50px !important;}&#8221;][vc_column width=&#8221;1\/4&#8243; animation=&#8221;fade-in&#8221; column_padding=&#8221;padding-1-percent&#8221; background_color_opacity=&#8221;1&#8243; enable_animation=&#8221;true&#8221;][vc_column_text][milestone color=&#8221;Extra-Color-2&#8243; number=&#8221;19&#8243; subject=&#8221;VUOTTA TOIMINNASSA&#8221; symbol_position=&#8221;after&#8221; symbol=&#8221;&#8221;][\/vc_column_text][\/vc_column][vc_column width=&#8221;1\/4&#8243; animation=&#8221;fade-in&#8221; delay=&#8221;0&#8243; column_padding=&#8221;padding-1-percent&#8221; background_color_opacity=&#8221;1&#8243; enable_animation=&#8221;true&#8221;][vc_column_text][milestone color=&#8221;Extra-Color-2&#8243; number=&#8221;70&#8243; subject=&#8221;KOHDETTA&#8221; symbol_position=&#8221;after&#8221; symbol=&#8221;+&#8221;][\/vc_column_text][\/vc_column][vc_column width=&#8221;1\/4&#8243; animation=&#8221;fade-in&#8221; delay=&#8221;0&#8243; column_padding=&#8221;padding-1-percent&#8221; background_color_opacity=&#8221;1&#8243; enable_animation=&#8221;true&#8221;][vc_column_text][milestone color=&#8221;Extra-Color-2&#8243; number=&#8221;11&#8243; subject=&#8221;KUNNASSA URAKOITU&#8221; symbol_position=&#8221;before&#8221; ][\/vc_column_text][\/vc_column][vc_column width=&#8221;1\/4&#8243; animation=&#8221;fade-in&#8221; delay=&#8221;0&#8243; column_padding=&#8221;padding-1-percent&#8221; background_color_opacity=&#8221;1&#8243; enable_animation=&#8221;true&#8221;][vc_column_text][milestone color=&#8221;Extra-Color-2&#8243; number=&#8221;15&#8243; subject=&#8221;TY\u00d6NTEKIJ\u00c4\u00c4&#8221; symbol_position=&#8221;after&#8221; symbol=&#8221;+&#8221;][\/vc_column_text][\/vc_column][\/vc_row][vc_row type=&#8221;full_width_background&#8221; bg_position=&#8221;left top&#8221; bg_repeat=&#8221;no-repeat&#8221; text_color=&#8221;light&#8221; text_align=&#8221;center&#8221; top_padding=&#8221;120&#8243; bottom_padding=&#8221;120&#8243; video_overlay_color=&#8221;#1fd9fb&#8221; bg_color=&#8221;#020202&#8243; css=&#8221;.vc_custom_1561661394325{padding-top: 50px !important;padding-bottom: 100px !important;}&#8221;][vc_column][vc_column_text css=&#8221;.vc_custom_1561662043955{padding-bottom: 20px !important;}&#8221;]<\/p>\n<h1 style=\"text-align: center;\">Miten voimme auttaa?<\/h1>\n<p style=\"text-align: center;\">[divider line_type=&#8221;No Line&#8221; custom_height=&#8221;30&#8243;]<\/p>\n<p>[\/vc_column_text][vc_row_inner][vc_column_inner el_class=&#8221;center&#8221; width=&#8221;1\/4&#8243;][\/vc_column_inner][vc_column_inner width=&#8221;1\/4&#8243;][vc_btn title=&#8221;Katso referenssimme&#8221; style=&#8221;outline-custom&#8221; outline_custom_color=&#8221;#70b4d1&#8243; outline_custom_hover_background=&#8221;#dd5537&#8243; outline_custom_hover_text=&#8221;#ffffff&#8221; shape=&#8221;square&#8221; size=&#8221;lg&#8221; align=&#8221;center&#8221; el_id=&#8221;image=&#8221; link=&#8221;url:https%3A%2F%2Fkorafix.fi%2F%3Fpage_id%3D2829|title:Referenssit||&#8221;][\/vc_column_inner][vc_column_inner width=&#8221;1\/4&#8243;][vc_btn title=&#8221;Ota yhteytt\u00e4&#8221; style=&#8221;outline-custom&#8221; outline_custom_color=&#8221;#70b4d1&#8243; outline_custom_hover_background=&#8221;#dd5537&#8243; outline_custom_hover_text=&#8221;#ffffff&#8221; shape=&#8221;square&#8221; size=&#8221;lg&#8221; align=&#8221;center&#8221; link=&#8221;url:https%3A%2F%2Fkorafix.fi%2F%3Fpage_id%3D26|title:Yhteystiedot||&#8221;][\/vc_column_inner][vc_column_inner width=&#8221;1\/4&#8243;][\/vc_column_inner][\/vc_row_inner][\/vc_column][\/vc_row][vc_row disable_element=&#8221;yes&#8221; type=&#8221;full_width_background&#8221; bg_position=&#8221;left top&#8221; bg_repeat=&#8221;no-repeat&#8221; text_color=&#8221;dark&#8221; text_align=&#8221;left&#8221; top_padding=&#8221;0&#8243; bottom_padding=&#8221;120&#8243; bg_color=&#8221;#ffffff&#8221; css=&#8221;.vc_custom_1561660596926{background-color: #ffffff !important;}&#8221;][vc_column width=&#8221;1\/3&#8243; enable_animation=&#8221;true&#8221; animation=&#8221;fade-in&#8221; delay=&#8221;600&#8243;][vc_column_text][text-with-icon icon_type=&#8221;font_icon&#8221; icon=&#8221;linecon-icon-display&#8221; color=&#8221;Accent-Color&#8221;]<\/p>\n<h4>In-Depth Tutorial Videos<\/h4>\n<p>Phasellus enim libero, blandit vel sapien vitae, condimentum ultricies magna et. Quisque euismod orci ut et lobortis aliquam. Aliquam in tortor enim.[\/text-with-icon][\/vc_column_text][\/vc_column][vc_column width=&#8221;1\/3&#8243; enable_animation=&#8221;true&#8221; animation=&#8221;fade-in&#8221; delay=&#8221;800&#8243;][vc_column_text][text-with-icon icon_type=&#8221;font_icon&#8221; icon=&#8221;steadysets-icon-file-settings&#8221; color=&#8221;Accent-Color&#8221;]<\/p>\n<h4>Clean Modern Code<\/h4>\n<p>Phasellus enim libero, blandit vel sapien vitae, condimentum ultricies magna et. Quisque euismod orci ut et lobortis aliquam. Aliquam in tortor enim.[\/text-with-icon][\/vc_column_text][\/vc_column][vc_column width=&#8221;1\/3&#8243; enable_animation=&#8221;true&#8221; animation=&#8221;fade-in&#8221; delay=&#8221;1000&#8243;][vc_column_text][text-with-icon icon_type=&#8221;font_icon&#8221; icon=&#8221;linecon-icon-settings&#8221; color=&#8221;Accent-Color&#8221;]<\/p>\n<h4>Free Updates &amp; Support<\/h4>\n<p>Phasellus enim libero, blandit vel sapien vitae, condimentum ultricies magna et. Quisque euismod orci ut et lobortis aliquam. Aliquam in tortor enim.[\/text-with-icon][\/vc_column_text][\/vc_column][\/vc_row][vc_row disable_element=&#8221;yes&#8221;][vc_column][vc_column_text]<\/p>\n<p>I am text block. Click edit button to change this text. Lorem ipsum dolor sit amet, consectetur adipiscing elit. Ut elit tellus, luctus nec ullamcorper mattis, pulvinar dapibus leo.<\/p>\n<p>[\/vc_column_text][vc_column width=&#8221;1\/3&#8243; animation=&#8221;none&#8221; column_padding=&#8221;padding-5-percent&#8221; background_color=&#8221;#1c202b&#8221; background_color_opacity=&#8221;0.5&#8243; font_color=&#8221;#ffffff&#8221; centered_text=&#8221;true&#8221;][\/vc_column][\/vc_column][vc_column width=&#8221;2\/3&#8243; animation=&#8221;none&#8221; column_padding=&#8221;padding-4-percent&#8221; background_color_opacity=&#8221;0.7&#8243; background_color=&#8221;#1c202b&#8221;][vc_column_text][clients columns=&#8221;5&#8243; carousel=&#8221;true&#8221; disable_autorotate=&#8221;true&#8221;][client title=&#8221;Client&#8221; id=&#8221;1395635698-1-67&#8243; image=&#8221;http:\/\/themenectar.com\/demo\/salient-frostwave\/wp-content\/uploads\/2013\/03\/sample-logo.png&#8221; name=&#8221;Fluid&#8221;] Click the edit button to add your testimonial. [\/client][client title=&#8221;Client&#8221; id=&#8221;1395636117002-0-4&#8243; image=&#8221;http:\/\/themenectar.com\/demo\/salient-frostwave\/wp-content\/uploads\/2013\/03\/sample-logo.png&#8221; name=&#8221;Gladiator&#8221;][\/client][client title=&#8221;Client&#8221; id=&#8221;1395635965058-0-2&#8243; image=&#8221;http:\/\/themenectar.com\/demo\/salient-frostwave\/wp-content\/uploads\/2013\/03\/sample-logo.png&#8221; name=&#8221;Location Point&#8221;][\/client][client title=&#8221;Client&#8221; id=&#8221;1395635698-2-45&#8243; image=&#8221;http:\/\/themenectar.com\/demo\/salient-frostwave\/wp-content\/uploads\/2013\/03\/sample-logo.png&#8221; name=&#8221;hive&#8221;] Click the edit button to add your testimonial. [\/client][client title=&#8221;Client&#8221; id=&#8221;1395636055291-0-6&#8243; image=&#8221;http:\/\/themenectar.com\/demo\/salient-frostwave\/wp-content\/uploads\/2013\/03\/sample-logo.png&#8221; name=&#8221;X&#8221;][\/client][client title=&#8221;Client&#8221; id=&#8221;1395635975628-0-8&#8243; image=&#8221;http:\/\/themenectar.com\/demo\/salient-frostwave\/wp-content\/uploads\/2013\/03\/sample-logo.png&#8221; name=&#8221;SL City&#8221;][\/client][\/clients][\/vc_column_text][\/vc_column][vc_column width=&#8221;1\/3&#8243; animation=&#8221;flip-in&#8221; column_padding=&#8221;padding-4-percent&#8221; background_color=&#8221;#20cfef&#8221; background_color_opacity=&#8221;1&#8243; enable_animation=&#8221;true&#8221;][vc_row_inner][vc_column_inner enable_animation=&#8221;true&#8221; animation=&#8221;fade-in-from-left&#8221; column_padding=&#8221;no-extra-padding&#8221; delay=&#8221;500&#8243;][vc_column_text]<\/p>\n<h3>A Breeze To Build With<\/h3>\n<p>Take full control of the power Salient has to offer with our new exciting page builder. You&#8217;ll be grinning in delight when you see just how easy it is to create stunning layouts with little effort.<\/p>\n<p>[button color=&#8221;See-Through&#8221; size=&#8221;large&#8221; url=&#8221;http:\/\/themenectar.com\/demo\/salient-frostwave\/features\/page-builder\/&#8221; text=&#8221;Discover More&#8221; image=&#8221;steadysets-icon-diamond&#8221;][\/vc_column_text][\/vc_column_inner][\/vc_row_inner][\/vc_column][vc_column width=&#8221;1\/3&#8243; animation=&#8221;flip-in&#8221; column_padding=&#8221;padding-4-percent&#8221; background_color_opacity=&#8221;1&#8243; background_color=&#8221;#fe4641&#8243; enable_animation=&#8221;true&#8221;][vc_row_inner][vc_column_inner enable_animation=&#8221;true&#8221; animation=&#8221;fade-in-from-left&#8221; column_padding=&#8221;no-extra-padding&#8221; delay=&#8221;500&#8243;][vc_column_text]<\/p>\n<h3>Tutorials To Help<\/h3>\n<p>The days of being overwhelmed by long documents without any visual guidance are over &#8211; We have an entire video tutorial series available for you that&#8217;s narrated through the duration.<\/p>\n<p>[button color=&#8221;see-through&#8221; size=&#8221;large&#8221; url=&#8221;https:\/\/www.youtube.com\/user\/ThemeNectar&#8221; text=&#8221;See The Tutorials&#8221;\u00a0 image=&#8221;steadysets-icon-screen&#8221; open_new_tab=&#8221;true&#8221;][\/vc_column_text][\/vc_column_inner][\/vc_row_inner][\/vc_column][vc_column width=&#8221;1\/3&#8243; animation=&#8221;flip-in&#8221; column_padding=&#8221;padding-4-percent&#8221; background_color_opacity=&#8221;1&#8243; font_color=&#8221;#ffffff&#8221; background_color=&#8221;#6b58cd&#8221; enable_animation=&#8221;true&#8221;][vc_row_inner][vc_column_inner enable_animation=&#8221;true&#8221; animation=&#8221;fade-in-from-left&#8221; column_padding=&#8221;no-extra-padding&#8221; delay=&#8221;500&#8243;][vc_column_text]<\/p>\n<h3>Show Off In Style<\/h3>\n<p>The looks &amp; functionality you&#8217;ve been dying for are finally easily accessible. We know you&#8217;ll enjoy the freedom to showcase your content in the way that it deserves.<\/p>\n<p>[button color=&#8221;See-Through&#8221; size=&#8221;large&#8221; url=&#8221;http:\/\/themenectar.com\/demo\/salient-frostwave\/portfolio\/mobile-weather-app\/&#8221; text=&#8221;Shine Like A Star&#8221; image=&#8221;steadysets-icon-star&#8221;][\/vc_column_text][\/vc_column_inner][\/vc_row_inner][\/vc_column][\/vc_row][vc_row disable_element=&#8221;yes&#8221; type=&#8221;full_width_content&#8221; bg_position=&#8221;left top&#8221; bg_repeat=&#8221;no-repeat&#8221; text_color=&#8221;dark&#8221; text_align=&#8221;left&#8221; top_padding=&#8221;0&#8243; bottom_padding=&#8221;0&#8243;][vc_column][vc_column_text][nectar_portfolio layout=&#8221;fullwidth&#8221; constrain_max_cols=&#8221;true&#8221; category=&#8221;all&#8221; starting_category=&#8221;default&#8221; project_style=&#8221;3&#8243; lightbox_only=&#8221;true&#8221; projects_per_page=&#8221;8&#8243;][\/vc_column_text][\/vc_column][\/vc_row][vc_row disable_element=&#8221;yes&#8221; type=&#8221;full_width_background&#8221; bg_position=&#8221;left top&#8221; bg_repeat=&#8221;no-repeat&#8221; text_color=&#8221;dark&#8221; text_align=&#8221;left&#8221; top_padding=&#8221;120&#8243; bottom_padding=&#8221;60&#8243; bg_color=&#8221;#ffffff&#8221; css=&#8221;.vc_custom_1561657880581{background-color: #ffffff !important;}&#8221;][vc_column width=&#8221;1\/3&#8243; enable_animation=&#8221;true&#8221; animation=&#8221;fade-in&#8221; delay=&#8221;0&#8243;][vc_column_text][text-with-icon icon_type=&#8221;font_icon&#8221; icon=&#8221;steadysets-icon-bucket&#8221; color=&#8221;Accent-Color&#8221;]<\/p>\n<h4>Design To Brag About<\/h4>\n<p>Phasellus enim libero, blandit vel sapien vitae, condimentum ultricies magna et. Quisque euismod orci ut et lobortis aliquam. Aliquam in tortor enim.[\/text-with-icon][\/vc_column_text][\/vc_column][vc_column width=&#8221;1\/3&#8243; enable_animation=&#8221;true&#8221; animation=&#8221;fade-in&#8221; delay=&#8221;200&#8243;][vc_column_text][text-with-icon icon_type=&#8221;font_icon&#8221; icon=&#8221;steadysets-icon-lab&#8221; color=&#8221;Accent-Color&#8221;]<\/p>\n<h4>Completely Customizable<\/h4>\n<p>Phasellus enim libero, blandit vel sapien vitae, condimentum ultricies magna et. Quisque euismod orci ut et lobortis aliquam. Aliquam in tortor enim.[\/text-with-icon][\/vc_column_text][\/vc_column][vc_column width=&#8221;1\/3&#8243; enable_animation=&#8221;true&#8221; animation=&#8221;fade-in&#8221; delay=&#8221;400&#8243;][vc_column_text][text-with-icon icon_type=&#8221;font_icon&#8221; icon=&#8221;steadysets-icon-atom&#8221; color=&#8221;Accent-Color&#8221;]<\/p>\n<h4>Loaded With Power<\/h4>\n<p>Phasellus enim libero, blandit vel sapien vitae, condimentum ultricies magna et. Quisque euismod orci ut et lobortis aliquam. Aliquam in tortor enim.[\/text-with-icon][\/vc_column_text][\/vc_column][\/vc_row]<\/p>\n","protected":false},"excerpt":{"rendered":"<p>[vc_row type=&#8221;full_width_background&#8221; bg_position=&#8221;left top&#8221; bg_repeat=&#8221;no-repeat&#8221; text_color=&#8221;dark&#8221; text_align=&#8221;left&#8221; top_padding=&#8221;0&#8243; bottom_padding=&#8221;0&#8243; css=&#8221;.vc_custom_1562753444856{margin-bottom: 10px !important;}&#8221;][vc_column][vc_column_text][nectar_slider flexible_slider_height=&#8221;true&#8221; full_width=&#8221;true&#8221; arrow_navigation=&#8221;true&#8221; loop=&#8221;true&#8221; location=&#8221;Home&#8221; bullet_navigation_style=&#8221;see_through&#8221; slider_transition=&#8221;fade&#8221; slider_button_styling=&#8221;btn_with_count&#8221; button_sizing=&#8221;regular&#8221; slider_height=&#8221;550&#8243; autorotate=&#8221;5000&#8243;][\/vc_column_text][\/vc_column][\/vc_row][vc_row][vc_column offset=&#8221;vc_hidden-lg vc_hidden-md&#8221;][vc_empty_space height=&#8221;40&#8243;][\/vc_column][\/vc_row][vc_row type=&#8221;in_container&#8221; bg_position=&#8221;left top&#8221; bg_repeat=&#8221;no-repeat&#8221; text_color=&#8221;dark&#8221; text_align=&#8221;left&#8221; top_padding=&#8221;120&#8243; bottom_padding=&#8221;80&#8243; parallax_bg=&#8221;true&#8221; css=&#8221;.vc_custom_1561718071133{padding-bottom: 20px !important;}&#8221;][vc_column width=&#8221;1\/4&#8243; centered_text=&#8221;true&#8221; animation=&#8221;fade-in-from-bottom&#8221; enable_animation=&#8221;true&#8221; column_padding=&#8221;no-extra-padding&#8221; background_color_opacity=&#8221;1&#8243;][vc_row_inner][vc_column_inner enable_animation=&#8221;true&#8221; animation=&#8221;fade-in&#8221; delay=&#8221;400&#8243; column_padding=&#8221;no-extra-padding&#8221; css=&#8221;.vc_custom_1561660148821{padding-bottom: -20px !important;}&#8221;][vc_single_image image=&#8221;2793&#8243; alignment=&#8221;center&#8221;][vc_column_text] Ammattimainen Vuodesta [&hellip;]<\/p>\n","protected":false},"author":1,"featured_media":0,"parent":0,"menu_order":35,"comment_status":"open","ping_status":"closed","template":"","meta":{"footnotes":""},"class_list":["post-551","page","type-page","status-publish","hentry"],"_links":{"self":[{"href":"https:\/\/korafix.fi\/index.php?rest_route=\/wp\/v2\/pages\/551","targetHints":{"allow":["GET"]}}],"collection":[{"href":"https:\/\/korafix.fi\/index.php?rest_route=\/wp\/v2\/pages"}],"about":[{"href":"https:\/\/korafix.fi\/index.php?rest_route=\/wp\/v2\/types\/page"}],"author":[{"embeddable":true,"href":"https:\/\/korafix.fi\/index.php?rest_route=\/wp\/v2\/users\/1"}],"replies":[{"embeddable":true,"href":"https:\/\/korafix.fi\/index.php?rest_route=%2Fwp%2Fv2%2Fcomments&post=551"}],"version-history":[{"count":104,"href":"https:\/\/korafix.fi\/index.php?rest_route=\/wp\/v2\/pages\/551\/revisions"}],"predecessor-version":[{"id":3036,"href":"https:\/\/korafix.fi\/index.php?rest_route=\/wp\/v2\/pages\/551\/revisions\/3036"}],"wp:attachment":[{"href":"https:\/\/korafix.fi\/index.php?rest_route=%2Fwp%2Fv2%2Fmedia&parent=551"}],"curies":[{"name":"wp","href":"https:\/\/api.w.org\/{rel}","templated":true}]}}