{"id":647,"date":"2013-03-23T13:05:00","date_gmt":"2013-03-23T13:05:00","guid":{"rendered":"http:\/\/themenectar.com\/demo\/salient\/?page_id=16"},"modified":"2019-07-23T11:36:27","modified_gmt":"2019-07-23T11:36:27","slug":"yritys","status":"publish","type":"page","link":"https:\/\/korafix.fi\/?page_id=647","title":{"rendered":"Korafix Oy &#8211; Yritys &#8211; Ilmanvaihdon asennus- ja huoltoty\u00f6t"},"content":{"rendered":"<p>[vc_row][vc_column][vc_column_text][nectar_slider flexible_slider_height=&#8221;true&#8221; full_width=&#8221;true&#8221; arrow_navigation=&#8221;true&#8221; loop=&#8221;true&#8221; location=&#8221;Home&#8221; bullet_navigation_style=&#8221;see_through&#8221; slider_transition=&#8221;fade&#8221; slider_button_styling=&#8221;btn_with_count&#8221; button_sizing=&#8221;regular&#8221; slider_height=&#8221;550&#8243; autorotate=&#8221;5000&#8243;][\/vc_column_text][\/vc_column][\/vc_row][vc_row][vc_column][vc_empty_space height=&#8221;40px&#8221;][\/vc_column][\/vc_row][vc_row][vc_column width=&#8221;1\/4&#8243;][vc_custom_heading text=&#8221;Ilmanvaihto &#8211; rakennuksen keuhkot&#8221; use_theme_fonts=&#8221;yes&#8221;][vc_column_text]<span style=\"font-weight: 400;\">Ilmanvaihto on t\u00e4rke\u00e4 osa-alue rakennuksen toiminnassa. Metsien puut toimivat maapallomme keuhkoina &#8211; rakennuksissa ilmanvaihto ajaa samaa asiaa. Ilmanvaihdon teht\u00e4v\u00e4n\u00e4 on taata mahdollisimman pitk\u00e4 elinkaari rakennukselle ja hyv\u00e4t olosuhteet siell\u00e4 oleskeleville.<\/span>[\/vc_column_text][\/vc_column][vc_column width=&#8221;2\/4&#8243;][vc_single_image image=&#8221;2799&#8243; img_size=&#8221;400&#215;600&#8243; alignment=&#8221;center&#8221;][\/vc_column][vc_column width=&#8221;1\/4&#8243;][vc_custom_heading text=&#8221;Korafix Oy &#8211; Ilmanvaihdon ammattilainen&#8221; use_theme_fonts=&#8221;yes&#8221;][vc_column_text]<span style=\"font-weight: 400;\">Olemme toimineet ilmanvaihtoalan ammattilaisena jo 2000-luvun alusta alkaen. Korafix Oy:n toiminta on luotettavaa, ty\u00f6n j\u00e4lki ja sen siisteys on taattua ja asiakasyst\u00e4v\u00e4llist\u00e4. Otamme huomioon teid\u00e4n ja rakennuksenne tarpeet. Teemme rakentamisen ohella ratkaisuja, jotka ovat rakennustehokkaita ja samalla sek\u00e4 taloudellisesti ett\u00e4 energiataloudellisesti kannattavia.<\/span>[\/vc_column_text][vc_btn title=&#8221;Ota yhteytt\u00e4!&#8221; style=&#8221;flat&#8221; color=&#8221;turquoise&#8221; link=&#8221;url:https%3A%2F%2Fkorafix.fi%2F%3Fpage_id%3D26|title:Korafix%20Oy%20%E2%80%93%20Yhteystiedot%20%E2%80%93%20Ilmanvaihdon%20asennus-%20ja%20huoltoty%C3%B6t||&#8221;][\/vc_column][\/vc_row][vc_row][vc_column width=&#8221;4\/12&#8243;][vc_single_image image=&#8221;2771&#8243; img_size=&#8221;400&#215;600&#8243; alignment=&#8221;center&#8221;][\/vc_column][vc_column width=&#8221;4\/12&#8243;][vc_custom_heading text=&#8221;Tulemme sinne miss\u00e4 meit\u00e4 tarvitaan&#8221; use_theme_fonts=&#8221;yes&#8221;][vc_column_text]<span style=\"font-weight: 400;\">Toimialueemme m\u00e4\u00e4r\u00e4ytyy asiakkaan tarpeiden mukaisesti. Meilt\u00e4 saat luotettavaa ja asiantuntevaa palvelua LVIA-urakoinnissa (urakkatarjoukset), ilmanvaihdon huolto- ja asennust\u00f6iss\u00e4, tai ilmam\u00e4\u00e4rien mittaus- ja s\u00e4\u00e4t\u00f6t\u00f6iss\u00e4.<\/span>[\/vc_column_text][\/vc_column][vc_column width=&#8221;4\/12&#8243;][vc_custom_heading text=&#8221;Kokemusta pitk\u00e4ll\u00e4 historialla&#8221; use_theme_fonts=&#8221;yes&#8221;][vc_column_text]Yritys aloitti toimintansa Turussa vuonna 2000 nimell\u00e4 Tmi Korafix Korjaus- ja rakennuspalvelu, joka sittemmin muutettiin Korafix Oy:ksi kes\u00e4kuussa 2002. Korafix Oy on tehnyt ilmanvaihtourakointeja ymp\u00e4ri Suomea. Syyskuusta 2006 l\u00e4htien yrityksell\u00e4mme on ollut omat toimitilat Turun Kupittaankadulla. Korafix Oy on yhden omistajan yritys. T\u00e4ll\u00e4 hetkell\u00e4 yrityksemme ty\u00f6llist\u00e4\u00e4 15-18 ty\u00f6ntekij\u00e4\u00e4 ja liikevaihtomme on 2 &#8211; 3 milj.[\/vc_column_text][\/vc_column][\/vc_row]<\/p>\n","protected":false},"excerpt":{"rendered":"<p>[vc_row][vc_column][vc_column_text][nectar_slider flexible_slider_height=&#8221;true&#8221; full_width=&#8221;true&#8221; arrow_navigation=&#8221;true&#8221; loop=&#8221;true&#8221; location=&#8221;Home&#8221; bullet_navigation_style=&#8221;see_through&#8221; slider_transition=&#8221;fade&#8221; slider_button_styling=&#8221;btn_with_count&#8221; button_sizing=&#8221;regular&#8221; slider_height=&#8221;550&#8243; autorotate=&#8221;5000&#8243;][\/vc_column_text][\/vc_column][\/vc_row][vc_row][vc_column][vc_empty_space height=&#8221;40px&#8221;][\/vc_column][\/vc_row][vc_row][vc_column width=&#8221;1\/4&#8243;][vc_custom_heading text=&#8221;Ilmanvaihto &#8211; rakennuksen keuhkot&#8221; use_theme_fonts=&#8221;yes&#8221;][vc_column_text]Ilmanvaihto on t\u00e4rke\u00e4 osa-alue rakennuksen toiminnassa. Metsien puut toimivat maapallomme keuhkoina &#8211; rakennuksissa ilmanvaihto ajaa samaa asiaa. Ilmanvaihdon teht\u00e4v\u00e4n\u00e4 on taata mahdollisimman pitk\u00e4 elinkaari rakennukselle ja hyv\u00e4t olosuhteet siell\u00e4 oleskeleville.[\/vc_column_text][\/vc_column][vc_column width=&#8221;2\/4&#8243;][vc_single_image image=&#8221;2799&#8243; img_size=&#8221;400&#215;600&#8243; alignment=&#8221;center&#8221;][\/vc_column][vc_column width=&#8221;1\/4&#8243;][vc_custom_heading text=&#8221;Korafix Oy [&hellip;]<\/p>\n","protected":false},"author":1,"featured_media":0,"parent":0,"menu_order":44,"comment_status":"open","ping_status":"closed","template":"","meta":{"footnotes":""},"class_list":["post-647","page","type-page","status-publish","hentry"],"_links":{"self":[{"href":"https:\/\/korafix.fi\/index.php?rest_route=\/wp\/v2\/pages\/647","targetHints":{"allow":["GET"]}}],"collection":[{"href":"https:\/\/korafix.fi\/index.php?rest_route=\/wp\/v2\/pages"}],"about":[{"href":"https:\/\/korafix.fi\/index.php?rest_route=\/wp\/v2\/types\/page"}],"author":[{"embeddable":true,"href":"https:\/\/korafix.fi\/index.php?rest_route=\/wp\/v2\/users\/1"}],"replies":[{"embeddable":true,"href":"https:\/\/korafix.fi\/index.php?rest_route=%2Fwp%2Fv2%2Fcomments&post=647"}],"version-history":[{"count":32,"href":"https:\/\/korafix.fi\/index.php?rest_route=\/wp\/v2\/pages\/647\/revisions"}],"predecessor-version":[{"id":2968,"href":"https:\/\/korafix.fi\/index.php?rest_route=\/wp\/v2\/pages\/647\/revisions\/2968"}],"wp:attachment":[{"href":"https:\/\/korafix.fi\/index.php?rest_route=%2Fwp%2Fv2%2Fmedia&parent=647"}],"curies":[{"name":"wp","href":"https:\/\/api.w.org\/{rel}","templated":true}]}}